{"id":458,"date":"2025-08-29T12:56:30","date_gmt":"2025-08-29T12:56:30","guid":{"rendered":"https:\/\/hyper-longevity.com\/?page_id=458"},"modified":"2025-10-09T13:30:24","modified_gmt":"2025-10-09T11:30:24","slug":"hyper-longevity","status":"publish","type":"page","link":"https:\/\/hyper-longevity.com\/en\/hyper-longevity\/","title":{"rendered":"Hyper-Longevity"},"content":{"rendered":"<div data-elementor-type=\"wp-page\" data-elementor-id=\"458\" class=\"elementor elementor-458\" data-elementor-post-type=\"page\">\n\t\t\t\t<div class=\"elementor-element elementor-element-75ab5ca e-con-full e-flex e-con e-parent\" data-id=\"75ab5ca\" data-element_type=\"container\" data-e-type=\"container\" data-settings=\"{&quot;background_background&quot;:&quot;classic&quot;}\">\n\t\t<div class=\"elementor-element elementor-element-78d2bd8 e-flex e-con-boxed e-con e-child\" data-id=\"78d2bd8\" data-element_type=\"container\" data-e-type=\"container\">\n\t\t\t\t\t<div class=\"e-con-inner\">\n\t\t\t\t<div class=\"elementor-element elementor-element-41298b2 elementor-widget elementor-widget-heading\" data-id=\"41298b2\" data-element_type=\"widget\" data-e-type=\"widget\" data-widget_type=\"heading.default\">\n\t\t\t\t\t<h1 class=\"elementor-heading-title elementor-size-default\">Hyper-Longevity<\/h1>\t\t\t\t<\/div>\n\t\t\t\t\t<\/div>\n\t\t\t\t<\/div>\n\t\t\t\t<\/div>\n\t\t<div class=\"elementor-element elementor-element-d18042f e-con-full e-flex e-con e-parent\" data-id=\"d18042f\" data-element_type=\"container\" data-e-type=\"container\" data-settings=\"{&quot;background_background&quot;:&quot;classic&quot;}\">\n\t\t<div class=\"elementor-element elementor-element-cdf5727 e-flex e-con-boxed e-con e-child\" data-id=\"cdf5727\" data-element_type=\"container\" data-e-type=\"container\">\n\t\t\t\t\t<div class=\"e-con-inner\">\n\t\t<div class=\"elementor-element elementor-element-bbc92ea e-con-full e-flex e-con e-child\" data-id=\"bbc92ea\" data-element_type=\"container\" data-e-type=\"container\">\n\t\t\t\t<div class=\"elementor-element elementor-element-2b7c4a8 elementor-widget elementor-widget-heading\" data-id=\"2b7c4a8\" data-element_type=\"widget\" data-e-type=\"widget\" data-widget_type=\"heading.default\">\n\t\t\t\t\t<h2 class=\"elementor-heading-title elementor-size-default\">Hyper-longevity is more than a medical concept\u2014it is a philosophy that redefines aging for everyone.<\/h2>\t\t\t\t<\/div>\n\t\t\t\t<\/div>\n\t\t\t\t\t<\/div>\n\t\t\t\t<\/div>\n\t\t\t\t<\/div>\n\t\t<div class=\"elementor-element elementor-element-7384a66 e-con-full e-flex e-con e-parent\" data-id=\"7384a66\" data-element_type=\"container\" data-e-type=\"container\" data-settings=\"{&quot;background_background&quot;:&quot;classic&quot;}\">\n\t\t<div class=\"elementor-element elementor-element-61e3f6f e-flex e-con-boxed e-con e-child\" data-id=\"61e3f6f\" data-element_type=\"container\" data-e-type=\"container\">\n\t\t\t\t\t<div class=\"e-con-inner\">\n\t\t<div class=\"elementor-element elementor-element-faac4bd e-con-full e-flex e-con e-child\" data-id=\"faac4bd\" data-element_type=\"container\" data-e-type=\"container\">\n\t\t\t\t<div class=\"elementor-element elementor-element-74e39de elementor-icon-list--layout-traditional elementor-list-item-link-full_width elementor-widget elementor-widget-icon-list\" data-id=\"74e39de\" data-element_type=\"widget\" data-e-type=\"widget\" data-widget_type=\"icon-list.default\">\n\t\t\t\t\t\t\t<ul class=\"elementor-icon-list-items\">\n\t\t\t\t\t\t\t<li class=\"elementor-icon-list-item\">\n\t\t\t\t\t\t\t\t\t\t\t<span class=\"elementor-icon-list-icon\">\n\t\t\t\t\t\t\t<i aria-hidden=\"true\" class=\"icon06 icon-06check-square\"><\/i>\t\t\t\t\t\t<\/span>\n\t\t\t\t\t\t\t\t\t\t<span class=\"elementor-icon-list-text\"><b>Live longer &amp; better:<\/b> More healthy years, not just more years<\/span>\n\t\t\t\t\t\t\t\t\t<\/li>\n\t\t\t\t\t\t\t\t<li class=\"elementor-icon-list-item\">\n\t\t\t\t\t\t\t\t\t\t\t<span class=\"elementor-icon-list-icon\">\n\t\t\t\t\t\t\t<i aria-hidden=\"true\" class=\"icon06 icon-06check-square\"><\/i>\t\t\t\t\t\t<\/span>\n\t\t\t\t\t\t\t\t\t\t<span class=\"elementor-icon-list-text\"><b>Scientifically supported:<\/b> From lifestyle interventions to high-tech diagnostics<\/span>\n\t\t\t\t\t\t\t\t\t<\/li>\n\t\t\t\t\t\t\t\t<li class=\"elementor-icon-list-item\">\n\t\t\t\t\t\t\t\t\t\t\t<span class=\"elementor-icon-list-icon\">\n\t\t\t\t\t\t\t<i aria-hidden=\"true\" class=\"icon06 icon-06check-square\"><\/i>\t\t\t\t\t\t<\/span>\n\t\t\t\t\t\t\t\t\t\t<span class=\"elementor-icon-list-text\"><b>Proactive instead of reactive:<\/b> Act early rather than treat late<\/span>\n\t\t\t\t\t\t\t\t\t<\/li>\n\t\t\t\t\t\t\t\t<li class=\"elementor-icon-list-item\">\n\t\t\t\t\t\t\t\t\t\t\t<span class=\"elementor-icon-list-icon\">\n\t\t\t\t\t\t\t<i aria-hidden=\"true\" class=\"icon06 icon-06check-square\"><\/i>\t\t\t\t\t\t<\/span>\n\t\t\t\t\t\t\t\t\t\t<span class=\"elementor-icon-list-text\"><b>Social responsibility:<\/b> Ethics, equitable access, and research<\/span>\n\t\t\t\t\t\t\t\t\t<\/li>\n\t\t\t\t\t\t<\/ul>\n\t\t\t\t\t\t<\/div>\n\t\t\t\t<div class=\"elementor-element elementor-element-b64345d elementor-widget elementor-widget-text-editor\" data-id=\"b64345d\" data-element_type=\"widget\" data-e-type=\"widget\" data-widget_type=\"text-editor.default\">\n\t\t\t\t\t\t\t\t\t<p><strong>Our goal:<\/strong> extend life expectancy while ensuring quality of life. For us, health means not only freedom from illness, but also energy, mental clarity, and joy in life at every age.<\/p><p><strong>While conventional medicine usually reacts, we focus on prevention.<\/strong> We analyze biological processes at an early stage and intervene in a targeted manner\u2014backed by over 30 years of experience. This approach is also described in a publication in Nature Medicine (Attia, Longo, Sinclair &amp; Barzilai, 2023), which defines longevity as the framework medicine of the 21st century, with the core goal of extending the health span.<\/p>\t\t\t\t\t\t\t\t<\/div>\n\t\t\t\t<div class=\"elementor-element elementor-element-91110af elementor-widget elementor-widget-image\" data-id=\"91110af\" data-element_type=\"widget\" data-e-type=\"widget\" data-widget_type=\"image.default\">\n\t\t\t\t\t\t\t\t\t\t\t\t\t\t\t<img decoding=\"async\" src=\"https:\/\/hyper-longevity.com\/wp-content\/uploads\/elementor\/thumbs\/food-medicin-rb450ytnl8xqqjtqj1kssavli9ivao7a3dgm8mtx80.jpg\" title=\"food-medicin\" alt=\"food-medicin\" loading=\"lazy\" \/>\t\t\t\t\t\t\t\t\t\t\t\t\t\t\t<\/div>\n\t\t\t\t<div class=\"elementor-element elementor-element-b128d80 elementor-widget elementor-widget-text-editor\" data-id=\"b128d80\" data-element_type=\"widget\" data-e-type=\"widget\" data-widget_type=\"text-editor.default\">\n\t\t\t\t\t\t\t\t\t<p><strong>Numerous clinical and scientific studies support this approach.<\/strong> The DO-HEALTH study conducted by the University of Zurich (Nature Aging, 2025) showed that the combination of omega-3 fatty acids, vitamin D, and exercise measurably slowed biological aging and significantly reduced the risk of cancer. New technologies such as plasma proteomics (Nature Medicine, 2025) also open up the possibility of determining the biological age of individual organs and show that a young brain and a strong immune system in particular are crucial for longevity.<\/p><p>Furthermore, concepts such as the longevity clinics presented in Springer (Bonnes et al., 2024) illustrate how modern prevention and therapy approaches can be implemented in interdisciplinary structures. Long-term studies in family cohorts (Nature Communications, van den Berg et al., 2023) also show that longevity is not only genetically determined, but can also be actively promoted through targeted lifestyle and medical interventions.<\/p><p>At the same time, we see longevity as a social responsibility. We stand for equitable access, ethical practice, and active research\u2014so that longevity is not a privilege reserved for the few, but a prospect for many.<\/p>\t\t\t\t\t\t\t\t<\/div>\n\t\t\t\t<\/div>\n\t\t<div class=\"elementor-element elementor-element-c26d7fa e-con-full e-flex e-con e-child\" data-id=\"c26d7fa\" data-element_type=\"container\" data-e-type=\"container\">\n\t\t\t\t<div class=\"elementor-element elementor-element-007caea elementor-icon-list--layout-traditional elementor-list-item-link-full_width elementor-widget elementor-widget-icon-list\" data-id=\"007caea\" data-element_type=\"widget\" data-e-type=\"widget\" data-widget_type=\"icon-list.default\">\n\t\t\t\t\t\t\t<ul class=\"elementor-icon-list-items\">\n\t\t\t\t\t\t\t<li class=\"elementor-icon-list-item\">\n\t\t\t\t\t\t\t\t\t\t<span class=\"elementor-icon-list-text\"><b>STUDY INSIGHTS<\/b><\/span>\n\t\t\t\t\t\t\t\t\t<\/li>\n\t\t\t\t\t\t\t\t<li class=\"elementor-icon-list-item\">\n\t\t\t\t\t\t\t\t\t\t\t<a href=\"https:\/\/pubmed.ncbi.nlm.nih.gov\/39900648\/\" target=\"_blank\">\n\n\t\t\t\t\t\t\t\t\t\t\t<span class=\"elementor-icon-list-text\"><b>DO-HEALTH, 2025 (Nature Aging): <\/b><br>  A combination of omega-3, vitamin D, and exercise measurably slows biological aging and significantly reduces the risk of cancer.<\/span>\n\t\t\t\t\t\t\t\t\t\t\t<\/a>\n\t\t\t\t\t\t\t\t\t<\/li>\n\t\t\t\t\t\t\t\t<li class=\"elementor-icon-list-item\">\n\t\t\t\t\t\t\t\t\t\t\t<a href=\"https:\/\/www.aginganddisease.org\/EN\/10.14336\/AD.2024.0328-1?utm_source=chatgpt.com\" target=\"_blank\">\n\n\t\t\t\t\t\t\t\t\t\t\t<span class=\"elementor-icon-list-text\"><b>Bonnes et al., 2024 (Springer): <\/b><br>  Describe the model of longevity clinics as an interdisciplinary structure for implementing preventive and therapeutic approaches.<\/span>\n\t\t\t\t\t\t\t\t\t\t\t<\/a>\n\t\t\t\t\t\t\t\t\t<\/li>\n\t\t\t\t\t\t\t\t<li class=\"elementor-icon-list-item\">\n\t\t\t\t\t\t\t\t\t\t<span class=\"elementor-icon-list-text\"><b>Attia, Longo, Sinclair &amp; Barzilai, 2023 (Nature Medicine): <\/b><br>  Define longevity as the framework medicine of the 21st century with a focus on extending the health span.<\/span>\n\t\t\t\t\t\t\t\t\t<\/li>\n\t\t\t\t\t\t\t\t<li class=\"elementor-icon-list-item\">\n\t\t\t\t\t\t\t\t\t\t<span class=\"elementor-icon-list-text\"><b>Oh et al., 2025 (Nature Medicine): <\/b><br>  Plasmaproteomik erm\u00f6glicht die Bestimmung des biologischen Alters einzelner Organe; junges Gehirn &amp; starkes Immunsystem als Schl\u00fcssel f\u00fcr Langlebigkeit.<\/span>\n\t\t\t\t\t\t\t\t\t<\/li>\n\t\t\t\t\t\t\t\t<li class=\"elementor-icon-list-item\">\n\t\t\t\t\t\t\t\t\t\t<span class=\"elementor-icon-list-text\"><b>Van den Berg et al., 2023 (Nature Communications): <\/b><br>  Long-term family studies show that genetics are important, but lifestyle and medical interventions actively extend healthspan by around a decade.<\/span>\n\t\t\t\t\t\t\t\t\t<\/li>\n\t\t\t\t\t\t<\/ul>\n\t\t\t\t\t\t<\/div>\n\t\t\t\t<\/div>\n\t\t\t\t\t<\/div>\n\t\t\t\t<\/div>\n\t\t\t\t<\/div>\n\t\t<div class=\"elementor-element elementor-element-13a3798 e-flex e-con-boxed e-con e-parent\" data-id=\"13a3798\" data-element_type=\"container\" data-e-type=\"container\" data-settings=\"{&quot;background_background&quot;:&quot;classic&quot;}\">\n\t\t\t\t\t<div class=\"e-con-inner\">\n\t\t<div class=\"elementor-element elementor-element-8d7e9e1 e-con-full e-flex e-con e-child\" data-id=\"8d7e9e1\" data-element_type=\"container\" data-e-type=\"container\">\n\t\t<div class=\"elementor-element elementor-element-2a55936 e-con-full e-flex e-con e-child\" data-id=\"2a55936\" data-element_type=\"container\" data-e-type=\"container\">\n\t\t\t\t<div class=\"elementor-element elementor-element-f33ed4a elementor-widget elementor-widget-heading\" data-id=\"f33ed4a\" data-element_type=\"widget\" data-e-type=\"widget\" data-widget_type=\"heading.default\">\n\t\t\t\t\t<h2 class=\"elementor-heading-title elementor-size-default\">Do you have questions about hyper-longevity? <\/h2>\t\t\t\t<\/div>\n\t\t<div class=\"elementor-element elementor-element-c3df523 e-con-full e-flex e-con e-child\" data-id=\"c3df523\" data-element_type=\"container\" data-e-type=\"container\">\n\t\t<div class=\"elementor-element elementor-element-4b36f0f e-con-full e-flex e-con e-child\" data-id=\"4b36f0f\" data-element_type=\"container\" data-e-type=\"container\">\n\t\t<div class=\"elementor-element elementor-element-e11946d e-con-full e-flex e-con e-child\" data-id=\"e11946d\" data-element_type=\"container\" data-e-type=\"container\">\n\t\t\t\t<div class=\"elementor-element elementor-element-1302c77 elementor-widget elementor-widget-text-editor\" data-id=\"1302c77\" data-element_type=\"widget\" data-e-type=\"widget\" data-widget_type=\"text-editor.default\">\n\t\t\t\t\t\t\t\t\t<p>Feel free to contact us and request a free initial consultation. We will get back to you as soon as possible.\u00a0<\/p>\t\t\t\t\t\t\t\t<\/div>\n\t\t\t\t<div class=\"elementor-element elementor-element-c6ddce6 elementor-widget elementor-widget-text-editor\" data-id=\"c6ddce6\" data-element_type=\"widget\" data-e-type=\"widget\" data-widget_type=\"text-editor.default\">\n\t\t\t\t\t\t\t\t\t<p>Yours sincerely, \u00ad\u00ad\u00adClaudia &amp; Frederick de Brabandt<\/p>\t\t\t\t\t\t\t\t<\/div>\n\t\t\t\t<\/div>\n\t\t\t\t<\/div>\n\t\t<div class=\"elementor-element elementor-element-37edb9c e-con-full e-flex e-con e-child\" data-id=\"37edb9c\" data-element_type=\"container\" data-e-type=\"container\">\n\t\t\t\t<div class=\"elementor-element elementor-element-9386dac elementor-icon-list--layout-traditional elementor-list-item-link-full_width elementor-widget elementor-widget-icon-list\" data-id=\"9386dac\" data-element_type=\"widget\" data-e-type=\"widget\" data-widget_type=\"icon-list.default\">\n\t\t\t\t\t\t\t<ul class=\"elementor-icon-list-items\">\n\t\t\t\t\t\t\t<li class=\"elementor-icon-list-item\">\n\t\t\t\t\t\t\t\t\t\t\t<span class=\"elementor-icon-list-icon\">\n\t\t\t\t\t\t\t<i aria-hidden=\"true\" class=\"icon06 icon-06telephone-fill\"><\/i>\t\t\t\t\t\t<\/span>\n\t\t\t\t\t\t\t\t\t\t<span class=\"elementor-icon-list-text\">Phone: +49 521 83457<\/span>\n\t\t\t\t\t\t\t\t\t<\/li>\n\t\t\t\t\t\t\t\t<li class=\"elementor-icon-list-item\">\n\t\t\t\t\t\t\t\t\t\t\t<span class=\"elementor-icon-list-icon\">\n\t\t\t\t\t\t\t<i aria-hidden=\"true\" class=\"icon06 icon-06phone-fill\"><\/i>\t\t\t\t\t\t<\/span>\n\t\t\t\t\t\t\t\t\t\t<span class=\"elementor-icon-list-text\">Mobile: +49 151 17634317  <\/span>\n\t\t\t\t\t\t\t\t\t<\/li>\n\t\t\t\t\t\t\t\t<li class=\"elementor-icon-list-item\">\n\t\t\t\t\t\t\t\t\t\t\t<a href=\"mailto:contact@hyper-longevity.com\">\n\n\t\t\t\t\t\t\t\t\t\t\t\t<span class=\"elementor-icon-list-icon\">\n\t\t\t\t\t\t\t<i aria-hidden=\"true\" class=\"icon06 icon-06envelope-fill\"><\/i>\t\t\t\t\t\t<\/span>\n\t\t\t\t\t\t\t\t\t\t<span class=\"elementor-icon-list-text\">contact@hyper-longevity.com<\/span>\n\t\t\t\t\t\t\t\t\t\t\t<\/a>\n\t\t\t\t\t\t\t\t\t<\/li>\n\t\t\t\t\t\t<\/ul>\n\t\t\t\t\t\t<\/div>\n\t\t\t\t<\/div>\n\t\t\t\t<\/div>\n\t\t\t\t<\/div>\n\t\t<div class=\"elementor-element elementor-element-7047a1a e-con-full elementor-hidden-tablet e-flex e-con e-child\" data-id=\"7047a1a\" data-element_type=\"container\" data-e-type=\"container\">\n\t\t\t\t<div class=\"elementor-element elementor-element-27399f8 elementor-widget elementor-widget-image\" data-id=\"27399f8\" data-element_type=\"widget\" data-e-type=\"widget\" data-widget_type=\"image.default\">\n\t\t\t\t\t\t\t\t\t\t\t\t\t\t\t<img fetchpriority=\"high\" decoding=\"async\" width=\"768\" height=\"384\" src=\"https:\/\/hyper-longevity.com\/wp-content\/uploads\/2025\/10\/cta02-3-1-768x384.jpg\" class=\"attachment-medium_large size-medium_large wp-image-2612\" alt=\"\" srcset=\"https:\/\/hyper-longevity.com\/wp-content\/uploads\/2025\/10\/cta02-3-1-768x384.jpg 768w, https:\/\/hyper-longevity.com\/wp-content\/uploads\/2025\/10\/cta02-3-1-300x150.jpg 300w, https:\/\/hyper-longevity.com\/wp-content\/uploads\/2025\/10\/cta02-3-1-18x9.jpg 18w, https:\/\/hyper-longevity.com\/wp-content\/uploads\/2025\/10\/cta02-3-1.jpg 1000w\" sizes=\"(max-width: 768px) 100vw, 768px\" \/>\t\t\t\t\t\t\t\t\t\t\t\t\t\t\t<\/div>\n\t\t\t\t<\/div>\n\t\t\t\t<\/div>\n\t\t\t\t\t<\/div>\n\t\t\t\t<\/div>\n\t\t\t\t<\/div>","protected":false},"excerpt":{"rendered":"<p>Hyper-Longevity Hyper-Longevity ist mehr als ein medizinisches Konzept \u2013 es ist eine Philosophie, die das Altern f\u00fcr jeden ganz neu definiert. L\u00e4nger &amp; besser leben: Mehr gesunde Jahre, nicht nur mehr Jahre Wissenschaftlich gest\u00fctzt: Von Lifestyle-Intervention bis High-Tech-Diagnostik Proaktiv statt reaktiv: Fr\u00fch handeln, statt sp\u00e4t behandeln Gesellschaftliche Verantwortung: Ethik, gerechter Zugang und Forschung Unser Ziel: [&hellip;]<\/p>\n","protected":false},"author":2,"featured_media":0,"parent":0,"menu_order":1,"comment_status":"closed","ping_status":"closed","template":"elementor_header_footer","meta":{"_acf_changed":false,"footnotes":""},"class_list":["post-458","page","type-page","status-publish","hentry"],"acf":[],"yoast_head":"<!-- This site is optimized with the Yoast SEO plugin v27.6 - https:\/\/yoast.com\/product\/yoast-seo-wordpress\/ -->\n<title>Hyper-Longevity - Hyper-Longevity<\/title>\n<meta name=\"robots\" content=\"index, follow, max-snippet:-1, max-image-preview:large, max-video-preview:-1\" \/>\n<link rel=\"canonical\" href=\"https:\/\/hyper-longevity.com\/en\/hyper-longevity\/\" \/>\n<meta property=\"og:locale\" content=\"en_GB\" \/>\n<meta property=\"og:type\" content=\"article\" \/>\n<meta property=\"og:title\" content=\"Hyper-Longevity - Hyper-Longevity\" \/>\n<meta property=\"og:description\" content=\"Hyper-Longevity Hyper-Longevity ist mehr als ein medizinisches Konzept \u2013 es ist eine Philosophie, die das Altern f\u00fcr jeden ganz neu definiert. L\u00e4nger &amp; besser leben: Mehr gesunde Jahre, nicht nur mehr Jahre Wissenschaftlich gest\u00fctzt: Von Lifestyle-Intervention bis High-Tech-Diagnostik Proaktiv statt reaktiv: Fr\u00fch handeln, statt sp\u00e4t behandeln Gesellschaftliche Verantwortung: Ethik, gerechter Zugang und Forschung Unser Ziel: [&hellip;]\" \/>\n<meta property=\"og:url\" content=\"https:\/\/hyper-longevity.com\/en\/hyper-longevity\/\" \/>\n<meta property=\"og:site_name\" content=\"Hyper-Longevity\" \/>\n<meta property=\"article:publisher\" content=\"https:\/\/www.linkedin.com\/in\/drs-frederick-and-claudia-de-brabandt-hyper-longevity-gynecology-and-urology-experts-489847121\/\" \/>\n<meta property=\"article:modified_time\" content=\"2025-10-09T11:30:24+00:00\" \/>\n<meta property=\"og:image\" content=\"https:\/\/hyper-longevity.com\/wp-content\/uploads\/elementor\/thumbs\/food-medicin-rb450ytnl8xqqjtqj1kssavli9ivao7a3dgm8mtx80.jpg\" \/>\n<meta name=\"twitter:card\" content=\"summary_large_image\" \/>\n<meta name=\"twitter:label1\" content=\"Estimated reading time\" \/>\n\t<meta name=\"twitter:data1\" content=\"3 minutes\" \/>\n<script type=\"application\/ld+json\" class=\"yoast-schema-graph\">{\"@context\":\"https:\\\/\\\/schema.org\",\"@graph\":[{\"@type\":\"WebPage\",\"@id\":\"https:\\\/\\\/hyper-longevity.com\\\/hyper-longevity\\\/\",\"url\":\"https:\\\/\\\/hyper-longevity.com\\\/hyper-longevity\\\/\",\"name\":\"Hyper-Longevity - Hyper-Longevity\",\"isPartOf\":{\"@id\":\"https:\\\/\\\/hyper-longevity.com\\\/#website\"},\"primaryImageOfPage\":{\"@id\":\"https:\\\/\\\/hyper-longevity.com\\\/hyper-longevity\\\/#primaryimage\"},\"image\":{\"@id\":\"https:\\\/\\\/hyper-longevity.com\\\/hyper-longevity\\\/#primaryimage\"},\"thumbnailUrl\":\"https:\\\/\\\/hyper-longevity.com\\\/wp-content\\\/uploads\\\/elementor\\\/thumbs\\\/food-medicin-rb450ytnl8xqqjtqj1kssavli9ivao7a3dgm8mtx80.jpg\",\"datePublished\":\"2025-08-29T12:56:30+00:00\",\"dateModified\":\"2025-10-09T11:30:24+00:00\",\"breadcrumb\":{\"@id\":\"https:\\\/\\\/hyper-longevity.com\\\/hyper-longevity\\\/#breadcrumb\"},\"inLanguage\":\"en-GB\",\"potentialAction\":[{\"@type\":\"ReadAction\",\"target\":[\"https:\\\/\\\/hyper-longevity.com\\\/hyper-longevity\\\/\"]}]},{\"@type\":\"ImageObject\",\"inLanguage\":\"en-GB\",\"@id\":\"https:\\\/\\\/hyper-longevity.com\\\/hyper-longevity\\\/#primaryimage\",\"url\":\"https:\\\/\\\/hyper-longevity.com\\\/wp-content\\\/uploads\\\/elementor\\\/thumbs\\\/food-medicin-rb450ytnl8xqqjtqj1kssavli9ivao7a3dgm8mtx80.jpg\",\"contentUrl\":\"https:\\\/\\\/hyper-longevity.com\\\/wp-content\\\/uploads\\\/elementor\\\/thumbs\\\/food-medicin-rb450ytnl8xqqjtqj1kssavli9ivao7a3dgm8mtx80.jpg\"},{\"@type\":\"BreadcrumbList\",\"@id\":\"https:\\\/\\\/hyper-longevity.com\\\/hyper-longevity\\\/#breadcrumb\",\"itemListElement\":[{\"@type\":\"ListItem\",\"position\":1,\"name\":\"Startseite\",\"item\":\"https:\\\/\\\/hyper-longevity.com\\\/\"},{\"@type\":\"ListItem\",\"position\":2,\"name\":\"Hyper-Longevity\"}]},{\"@type\":\"WebSite\",\"@id\":\"https:\\\/\\\/hyper-longevity.com\\\/#website\",\"url\":\"https:\\\/\\\/hyper-longevity.com\\\/\",\"name\":\"Hyper-Longevity\",\"description\":\"Zentrum fu\u0308r personalisierte Pr&auml;ventivmedizin\",\"publisher\":{\"@id\":\"https:\\\/\\\/hyper-longevity.com\\\/#organization\"},\"potentialAction\":[{\"@type\":\"SearchAction\",\"target\":{\"@type\":\"EntryPoint\",\"urlTemplate\":\"https:\\\/\\\/hyper-longevity.com\\\/?s={search_term_string}\"},\"query-input\":{\"@type\":\"PropertyValueSpecification\",\"valueRequired\":true,\"valueName\":\"search_term_string\"}}],\"inLanguage\":\"en-GB\"},{\"@type\":\"Organization\",\"@id\":\"https:\\\/\\\/hyper-longevity.com\\\/#organization\",\"name\":\"Hyper-Longevity\",\"url\":\"https:\\\/\\\/hyper-longevity.com\\\/\",\"logo\":{\"@type\":\"ImageObject\",\"inLanguage\":\"en-GB\",\"@id\":\"https:\\\/\\\/hyper-longevity.com\\\/#\\\/schema\\\/logo\\\/image\\\/\",\"url\":\"https:\\\/\\\/hyper-longevity.com\\\/wp-content\\\/uploads\\\/2025\\\/08\\\/HL-Logo-03.png\",\"contentUrl\":\"https:\\\/\\\/hyper-longevity.com\\\/wp-content\\\/uploads\\\/2025\\\/08\\\/HL-Logo-03.png\",\"width\":2500,\"height\":673,\"caption\":\"Hyper-Longevity\"},\"image\":{\"@id\":\"https:\\\/\\\/hyper-longevity.com\\\/#\\\/schema\\\/logo\\\/image\\\/\"},\"sameAs\":[\"https:\\\/\\\/www.linkedin.com\\\/in\\\/drs-frederick-and-claudia-de-brabandt-hyper-longevity-gynecology-and-urology-experts-489847121\\\/\",\"https:\\\/\\\/www.instagram.com\\\/drsdebrabandt\\\/\"]}]}<\/script>\n<!-- \/ Yoast SEO plugin. -->","yoast_head_json":{"title":"Hyper-Longevity - Hyper-Longevity","robots":{"index":"index","follow":"follow","max-snippet":"max-snippet:-1","max-image-preview":"max-image-preview:large","max-video-preview":"max-video-preview:-1"},"canonical":"https:\/\/hyper-longevity.com\/en\/hyper-longevity\/","og_locale":"en_GB","og_type":"article","og_title":"Hyper-Longevity - Hyper-Longevity","og_description":"Hyper-Longevity Hyper-Longevity ist mehr als ein medizinisches Konzept \u2013 es ist eine Philosophie, die das Altern f\u00fcr jeden ganz neu definiert. L\u00e4nger &amp; besser leben: Mehr gesunde Jahre, nicht nur mehr Jahre Wissenschaftlich gest\u00fctzt: Von Lifestyle-Intervention bis High-Tech-Diagnostik Proaktiv statt reaktiv: Fr\u00fch handeln, statt sp\u00e4t behandeln Gesellschaftliche Verantwortung: Ethik, gerechter Zugang und Forschung Unser Ziel: [&hellip;]","og_url":"https:\/\/hyper-longevity.com\/en\/hyper-longevity\/","og_site_name":"Hyper-Longevity","article_publisher":"https:\/\/www.linkedin.com\/in\/drs-frederick-and-claudia-de-brabandt-hyper-longevity-gynecology-and-urology-experts-489847121\/","article_modified_time":"2025-10-09T11:30:24+00:00","og_image":[{"url":"https:\/\/hyper-longevity.com\/wp-content\/uploads\/elementor\/thumbs\/food-medicin-rb450ytnl8xqqjtqj1kssavli9ivao7a3dgm8mtx80.jpg","type":"","width":"","height":""}],"twitter_card":"summary_large_image","twitter_misc":{"Estimated reading time":"3 minutes"},"schema":{"@context":"https:\/\/schema.org","@graph":[{"@type":"WebPage","@id":"https:\/\/hyper-longevity.com\/hyper-longevity\/","url":"https:\/\/hyper-longevity.com\/hyper-longevity\/","name":"Hyper-Longevity - Hyper-Longevity","isPartOf":{"@id":"https:\/\/hyper-longevity.com\/#website"},"primaryImageOfPage":{"@id":"https:\/\/hyper-longevity.com\/hyper-longevity\/#primaryimage"},"image":{"@id":"https:\/\/hyper-longevity.com\/hyper-longevity\/#primaryimage"},"thumbnailUrl":"https:\/\/hyper-longevity.com\/wp-content\/uploads\/elementor\/thumbs\/food-medicin-rb450ytnl8xqqjtqj1kssavli9ivao7a3dgm8mtx80.jpg","datePublished":"2025-08-29T12:56:30+00:00","dateModified":"2025-10-09T11:30:24+00:00","breadcrumb":{"@id":"https:\/\/hyper-longevity.com\/hyper-longevity\/#breadcrumb"},"inLanguage":"en-GB","potentialAction":[{"@type":"ReadAction","target":["https:\/\/hyper-longevity.com\/hyper-longevity\/"]}]},{"@type":"ImageObject","inLanguage":"en-GB","@id":"https:\/\/hyper-longevity.com\/hyper-longevity\/#primaryimage","url":"https:\/\/hyper-longevity.com\/wp-content\/uploads\/elementor\/thumbs\/food-medicin-rb450ytnl8xqqjtqj1kssavli9ivao7a3dgm8mtx80.jpg","contentUrl":"https:\/\/hyper-longevity.com\/wp-content\/uploads\/elementor\/thumbs\/food-medicin-rb450ytnl8xqqjtqj1kssavli9ivao7a3dgm8mtx80.jpg"},{"@type":"BreadcrumbList","@id":"https:\/\/hyper-longevity.com\/hyper-longevity\/#breadcrumb","itemListElement":[{"@type":"ListItem","position":1,"name":"Startseite","item":"https:\/\/hyper-longevity.com\/"},{"@type":"ListItem","position":2,"name":"Hyper-Longevity"}]},{"@type":"WebSite","@id":"https:\/\/hyper-longevity.com\/#website","url":"https:\/\/hyper-longevity.com\/","name":"Hyper-Longevity","description":"Zentrum fu\u0308r personalisierte Pr&auml;ventivmedizin","publisher":{"@id":"https:\/\/hyper-longevity.com\/#organization"},"potentialAction":[{"@type":"SearchAction","target":{"@type":"EntryPoint","urlTemplate":"https:\/\/hyper-longevity.com\/?s={search_term_string}"},"query-input":{"@type":"PropertyValueSpecification","valueRequired":true,"valueName":"search_term_string"}}],"inLanguage":"en-GB"},{"@type":"Organization","@id":"https:\/\/hyper-longevity.com\/#organization","name":"Hyper-Longevity","url":"https:\/\/hyper-longevity.com\/","logo":{"@type":"ImageObject","inLanguage":"en-GB","@id":"https:\/\/hyper-longevity.com\/#\/schema\/logo\/image\/","url":"https:\/\/hyper-longevity.com\/wp-content\/uploads\/2025\/08\/HL-Logo-03.png","contentUrl":"https:\/\/hyper-longevity.com\/wp-content\/uploads\/2025\/08\/HL-Logo-03.png","width":2500,"height":673,"caption":"Hyper-Longevity"},"image":{"@id":"https:\/\/hyper-longevity.com\/#\/schema\/logo\/image\/"},"sameAs":["https:\/\/www.linkedin.com\/in\/drs-frederick-and-claudia-de-brabandt-hyper-longevity-gynecology-and-urology-experts-489847121\/","https:\/\/www.instagram.com\/drsdebrabandt\/"]}]}},"_links":{"self":[{"href":"https:\/\/hyper-longevity.com\/en\/wp-json\/wp\/v2\/pages\/458","targetHints":{"allow":["GET"]}}],"collection":[{"href":"https:\/\/hyper-longevity.com\/en\/wp-json\/wp\/v2\/pages"}],"about":[{"href":"https:\/\/hyper-longevity.com\/en\/wp-json\/wp\/v2\/types\/page"}],"author":[{"embeddable":true,"href":"https:\/\/hyper-longevity.com\/en\/wp-json\/wp\/v2\/users\/2"}],"replies":[{"embeddable":true,"href":"https:\/\/hyper-longevity.com\/en\/wp-json\/wp\/v2\/comments?post=458"}],"version-history":[{"count":208,"href":"https:\/\/hyper-longevity.com\/en\/wp-json\/wp\/v2\/pages\/458\/revisions"}],"predecessor-version":[{"id":2618,"href":"https:\/\/hyper-longevity.com\/en\/wp-json\/wp\/v2\/pages\/458\/revisions\/2618"}],"wp:attachment":[{"href":"https:\/\/hyper-longevity.com\/en\/wp-json\/wp\/v2\/media?parent=458"}],"curies":[{"name":"wp","href":"https:\/\/api.w.org\/{rel}","templated":true}]}}