{"id":456,"date":"2025-08-29T12:56:52","date_gmt":"2025-08-29T12:56:52","guid":{"rendered":"https:\/\/hyper-longevity.com\/?page_id=456"},"modified":"2025-09-05T09:35:10","modified_gmt":"2025-09-05T07:35:10","slug":"diagnostik","status":"publish","type":"page","link":"https:\/\/hyper-longevity.com\/en\/diagnostik\/","title":{"rendered":"Diagnostics"},"content":{"rendered":"<div data-elementor-type=\"wp-page\" data-elementor-id=\"456\" class=\"elementor elementor-456\" data-elementor-post-type=\"page\">\n\t\t\t\t<div class=\"elementor-element elementor-element-75ab5ca e-con-full e-flex e-con e-parent\" data-id=\"75ab5ca\" data-element_type=\"container\" data-e-type=\"container\" data-settings=\"{&quot;background_background&quot;:&quot;classic&quot;}\">\n\t\t<div class=\"elementor-element elementor-element-78d2bd8 e-flex e-con-boxed e-con e-child\" data-id=\"78d2bd8\" data-element_type=\"container\" data-e-type=\"container\">\n\t\t\t\t\t<div class=\"e-con-inner\">\n\t\t\t\t<div class=\"elementor-element elementor-element-41298b2 elementor-widget elementor-widget-heading\" data-id=\"41298b2\" data-element_type=\"widget\" data-e-type=\"widget\" data-widget_type=\"heading.default\">\n\t\t\t\t\t<h1 class=\"elementor-heading-title elementor-size-default\">Diagnostics<\/h1>\t\t\t\t<\/div>\n\t\t\t\t\t<\/div>\n\t\t\t\t<\/div>\n\t\t\t\t<\/div>\n\t\t<div class=\"elementor-element elementor-element-589bf73 e-con-full e-flex e-con e-parent\" data-id=\"589bf73\" data-element_type=\"container\" data-e-type=\"container\" data-settings=\"{&quot;background_background&quot;:&quot;classic&quot;}\">\n\t\t<div class=\"elementor-element elementor-element-41d7f4b e-flex e-con-boxed e-con e-child\" data-id=\"41d7f4b\" data-element_type=\"container\" data-e-type=\"container\">\n\t\t\t\t\t<div class=\"e-con-inner\">\n\t\t<div class=\"elementor-element elementor-element-8aac632 e-con-full e-flex e-con e-child\" data-id=\"8aac632\" data-element_type=\"container\" data-e-type=\"container\">\n\t\t\t\t<div class=\"elementor-element elementor-element-8ec4128 elementor-widget elementor-widget-heading\" data-id=\"8ec4128\" data-element_type=\"widget\" data-e-type=\"widget\" data-widget_type=\"heading.default\">\n\t\t\t\t\t<h2 class=\"elementor-heading-title elementor-size-default\">Precision is the foundation of any successful therapy. Our diagnostics go far beyond traditional blood tests and provide a complete picture of your biological condition.<\/h2>\t\t\t\t<\/div>\n\t\t\t\t<\/div>\n\t\t\t\t\t<\/div>\n\t\t\t\t<\/div>\n\t\t\t\t<\/div>\n\t\t<div class=\"elementor-element elementor-element-4316d02 e-con-full e-flex e-con e-parent\" data-id=\"4316d02\" data-element_type=\"container\" data-e-type=\"container\" data-settings=\"{&quot;background_background&quot;:&quot;classic&quot;}\">\n\t\t<div class=\"elementor-element elementor-element-18cdd50 e-flex e-con-boxed e-con e-child\" data-id=\"18cdd50\" data-element_type=\"container\" data-e-type=\"container\">\n\t\t\t\t\t<div class=\"e-con-inner\">\n\t\t<div class=\"elementor-element elementor-element-3d9442c e-con-full e-flex e-con e-child\" data-id=\"3d9442c\" data-element_type=\"container\" data-e-type=\"container\">\n\t\t\t\t<div class=\"elementor-element elementor-element-de86b23 elementor-icon-list--layout-traditional elementor-list-item-link-full_width elementor-widget elementor-widget-icon-list\" data-id=\"de86b23\" data-element_type=\"widget\" data-e-type=\"widget\" data-widget_type=\"icon-list.default\">\n\t\t\t\t\t\t\t<ul class=\"elementor-icon-list-items\">\n\t\t\t\t\t\t\t<li class=\"elementor-icon-list-item\">\n\t\t\t\t\t\t\t\t\t\t\t<span class=\"elementor-icon-list-icon\">\n\t\t\t\t\t\t\t<i aria-hidden=\"true\" class=\"icon06 icon-06check-square\"><\/i>\t\t\t\t\t\t<\/span>\n\t\t\t\t\t\t\t\t\t\t<span class=\"elementor-icon-list-text\"><b>Biomarker:<\/b> Early warning signs for metabolism and inflammation<\/span>\n\t\t\t\t\t\t\t\t\t<\/li>\n\t\t\t\t\t\t\t\t<li class=\"elementor-icon-list-item\">\n\t\t\t\t\t\t\t\t\t\t\t<span class=\"elementor-icon-list-icon\">\n\t\t\t\t\t\t\t<i aria-hidden=\"true\" class=\"icon06 icon-06check-square\"><\/i>\t\t\t\t\t\t<\/span>\n\t\t\t\t\t\t\t\t\t\t<span class=\"elementor-icon-list-text\"><b>Cell functions:<\/b> Energy, aging rate, and regeneration measurable<\/span>\n\t\t\t\t\t\t\t\t\t<\/li>\n\t\t\t\t\t\t\t\t<li class=\"elementor-icon-list-item\">\n\t\t\t\t\t\t\t\t\t\t\t<span class=\"elementor-icon-list-icon\">\n\t\t\t\t\t\t\t<i aria-hidden=\"true\" class=\"icon06 icon-06check-square\"><\/i>\t\t\t\t\t\t<\/span>\n\t\t\t\t\t\t\t\t\t\t<span class=\"elementor-icon-list-text\"><b>Genetics &amp; biological age:<\/b> Making risks and potential visible<\/span>\n\t\t\t\t\t\t\t\t\t<\/li>\n\t\t\t\t\t\t\t\t<li class=\"elementor-icon-list-item\">\n\t\t\t\t\t\t\t\t\t\t\t<span class=\"elementor-icon-list-icon\">\n\t\t\t\t\t\t\t<i aria-hidden=\"true\" class=\"icon06 icon-06check-square\"><\/i>\t\t\t\t\t\t<\/span>\n\t\t\t\t\t\t\t\t\t\t<span class=\"elementor-icon-list-text\"><b>Heart &amp; blood vessels:<\/b> Identify risks before symptoms arise<\/span>\n\t\t\t\t\t\t\t\t\t<\/li>\n\t\t\t\t\t\t\t\t<li class=\"elementor-icon-list-item\">\n\t\t\t\t\t\t\t\t\t\t\t<span class=\"elementor-icon-list-icon\">\n\t\t\t\t\t\t\t<i aria-hidden=\"true\" class=\"icon06 icon-06check-square\"><\/i>\t\t\t\t\t\t<\/span>\n\t\t\t\t\t\t\t\t\t\t<span class=\"elementor-icon-list-text\"><b>Cognitive &amp; stress tests:<\/b> Test performance and resilience<\/span>\n\t\t\t\t\t\t\t\t\t<\/li>\n\t\t\t\t\t\t<\/ul>\n\t\t\t\t\t\t<\/div>\n\t\t\t\t<div class=\"elementor-element elementor-element-2e1ae61 elementor-widget elementor-widget-text-editor\" data-id=\"2e1ae61\" data-element_type=\"widget\" data-e-type=\"widget\" data-widget_type=\"text-editor.default\">\n\t\t\t\t\t\t\t\t\t<p><strong>We measure biomarkers such as glucose, insulin, and inflammation levels.<\/strong> which provide early indications of metabolic disorders and silent inflammation. These values are essential because they often go unnoticed for a long time and yet increase the risk of diabetes or cardiovascular disease.<\/p><p><strong>In addition, we examine cellular processes such as telomeres, mitochondrial function, and autophagy.<\/strong> These factors have a significant impact on how quickly your cells age and how well they can regenerate. These analyses enable us to determine whether your body has sufficient energy reserves and how resistant it is to stress and damage.<\/p>\t\t\t\t\t\t\t\t<\/div>\n\t\t\t\t<div class=\"elementor-element elementor-element-98dcfd1 elementor-widget elementor-widget-image\" data-id=\"98dcfd1\" data-element_type=\"widget\" data-e-type=\"widget\" data-widget_type=\"image.default\">\n\t\t\t\t\t\t\t\t\t\t\t\t\t\t\t<img decoding=\"async\" src=\"https:\/\/hyper-longevity.com\/wp-content\/uploads\/elementor\/thumbs\/dna-02-rb41ctogsq1kk1rr5f9xr5br36u86ilqxbs8f8rdyo.jpg\" title=\"dna-02\" alt=\"dna-02\" loading=\"lazy\" \/>\t\t\t\t\t\t\t\t\t\t\t\t\t\t\t<\/div>\n\t\t\t\t<div class=\"elementor-element elementor-element-5e60fdd elementor-widget elementor-widget-text-editor\" data-id=\"5e60fdd\" data-element_type=\"widget\" data-e-type=\"widget\" data-widget_type=\"text-editor.default\">\n\t\t\t\t\t\t\t\t\t<p><strong>In addition, we examine genetic risk factors and determine your biological age. <\/strong>This often yields surprising findings that provide important information about your actual physical stress levels. At the same time, we perform a comprehensive cardiovascular analysis that examines your heart, blood pressure, and vascular health in detail.<\/p><p>Our assessment is rounded off with cognitive tests, stress analyses, and a detailed body composition analysis. This creates a health profile that shows precisely and holistically where you stand and what measures make sense.<\/p>\t\t\t\t\t\t\t\t<\/div>\n\t\t\t\t<\/div>\n\t\t<div class=\"elementor-element elementor-element-d7dc1ca e-con-full e-flex e-con e-child\" data-id=\"d7dc1ca\" data-element_type=\"container\" data-e-type=\"container\">\n\t\t\t\t<div class=\"elementor-element elementor-element-4e73aa8 elementor-icon-list--layout-traditional elementor-list-item-link-full_width elementor-widget elementor-widget-icon-list\" data-id=\"4e73aa8\" data-element_type=\"widget\" data-e-type=\"widget\" data-widget_type=\"icon-list.default\">\n\t\t\t\t\t\t\t<ul class=\"elementor-icon-list-items\">\n\t\t\t\t\t\t\t<li class=\"elementor-icon-list-item\">\n\t\t\t\t\t\t\t\t\t\t<span class=\"elementor-icon-list-text\"><b>STUDY INSIGHTS<\/b><\/span>\n\t\t\t\t\t\t\t\t\t<\/li>\n\t\t\t\t\t\t\t\t<li class=\"elementor-icon-list-item\">\n\t\t\t\t\t\t\t\t\t\t\t<a href=\"https:\/\/pubmed.ncbi.nlm.nih.gov\/30265166\/\" target=\"_blank\">\n\n\t\t\t\t\t\t\t\t\t\t\t<span class=\"elementor-icon-list-text\"><b>Fasching, 2018 (Crit Rev Clin Lab Sci): <\/b><br>  Telomere length measurement established as a clinical biomarker for aging\u2014particularly relevant for aging processes and age-related disease risks. <\/span>\n\t\t\t\t\t\t\t\t\t\t\t<\/a>\n\t\t\t\t\t\t\t\t\t<\/li>\n\t\t\t\t\t\t\t\t<li class=\"elementor-icon-list-item\">\n\t\t\t\t\t\t\t\t\t\t\t<a href=\"https:\/\/www.nature.com\/articles\/s41467-024-49007-4?utm_source=chatgpt.com\" target=\"_blank\">\n\n\t\t\t\t\t\t\t\t\t\t\t<span class=\"elementor-icon-list-text\"><b>Sanchez et al., 2024 (Nature Communications): <\/b><br>  Digital telomere length measurement via nanopore sequencing allows highly accurate analysis of the distribution of telomere lengths in relation to age and disease states. <\/span>\n\t\t\t\t\t\t\t\t\t\t\t<\/a>\n\t\t\t\t\t\t\t\t\t<\/li>\n\t\t\t\t\t\t\t\t<li class=\"elementor-icon-list-item\">\n\t\t\t\t\t\t\t\t\t\t\t<a href=\"https:\/\/www.frontiersin.org\/journals\/aging\/articles\/10.3389\/fragi.2024.1495029\/full?utm_source=chatgpt.com\" target=\"_blank\">\n\n\t\t\t\t\t\t\t\t\t\t\t<span class=\"elementor-icon-list-text\"><b>Martinovi\u0107, 2024 (Frontiers in Aging): <\/b><br>  Introduction of the \u201cLongevity Pyramid\u201d concept for diagnostics \u2013 structured in levels ranging from prevention and lifestyle to personalized interventions. <\/span>\n\t\t\t\t\t\t\t\t\t\t\t<\/a>\n\t\t\t\t\t\t\t\t\t<\/li>\n\t\t\t\t\t\t<\/ul>\n\t\t\t\t\t\t<\/div>\n\t\t\t\t<\/div>\n\t\t\t\t\t<\/div>\n\t\t\t\t<\/div>\n\t\t\t\t<\/div>\n\t\t<div class=\"elementor-element elementor-element-7fc1b43 e-flex e-con-boxed e-con e-parent\" data-id=\"7fc1b43\" data-element_type=\"container\" data-e-type=\"container\" data-settings=\"{&quot;background_background&quot;:&quot;classic&quot;}\">\n\t\t\t\t\t<div class=\"e-con-inner\">\n\t\t<div class=\"elementor-element elementor-element-f09ad06 e-con-full e-flex e-con e-child\" data-id=\"f09ad06\" data-element_type=\"container\" data-e-type=\"container\">\n\t\t<div class=\"elementor-element elementor-element-29306f4 e-con-full e-flex e-con e-child\" data-id=\"29306f4\" data-element_type=\"container\" data-e-type=\"container\">\n\t\t\t\t<div class=\"elementor-element elementor-element-5667ed1 elementor-widget elementor-widget-heading\" data-id=\"5667ed1\" data-element_type=\"widget\" data-e-type=\"widget\" data-widget_type=\"heading.default\">\n\t\t\t\t\t<h2 class=\"elementor-heading-title elementor-size-default\">Do you have questions about hyper-longevity? <\/h2>\t\t\t\t<\/div>\n\t\t<div class=\"elementor-element elementor-element-cb47c96 e-con-full e-flex e-con e-child\" data-id=\"cb47c96\" data-element_type=\"container\" data-e-type=\"container\">\n\t\t<div class=\"elementor-element elementor-element-fd3cecc e-con-full e-flex e-con e-child\" data-id=\"fd3cecc\" data-element_type=\"container\" data-e-type=\"container\">\n\t\t<div class=\"elementor-element elementor-element-be0b3b1 e-con-full e-flex e-con e-child\" data-id=\"be0b3b1\" data-element_type=\"container\" data-e-type=\"container\">\n\t\t\t\t<div class=\"elementor-element elementor-element-83d18b8 elementor-widget elementor-widget-text-editor\" data-id=\"83d18b8\" data-element_type=\"widget\" data-e-type=\"widget\" data-widget_type=\"text-editor.default\">\n\t\t\t\t\t\t\t\t\t<p>Feel free to contact us and request a free initial consultation. We will get back to you as soon as possible.\u00a0<\/p>\t\t\t\t\t\t\t\t<\/div>\n\t\t\t\t<div class=\"elementor-element elementor-element-15d4f05 elementor-widget elementor-widget-text-editor\" data-id=\"15d4f05\" data-element_type=\"widget\" data-e-type=\"widget\" data-widget_type=\"text-editor.default\">\n\t\t\t\t\t\t\t\t\t<p>Yours sincerely, \u00ad\u00ad\u00adClaudia &amp; Frederick de Brabandt<\/p>\t\t\t\t\t\t\t\t<\/div>\n\t\t\t\t<\/div>\n\t\t\t\t<\/div>\n\t\t<div class=\"elementor-element elementor-element-cb47f8b e-con-full e-flex e-con e-child\" data-id=\"cb47f8b\" data-element_type=\"container\" data-e-type=\"container\">\n\t\t\t\t<div class=\"elementor-element elementor-element-92b02a9 elementor-icon-list--layout-traditional elementor-list-item-link-full_width elementor-widget elementor-widget-icon-list\" data-id=\"92b02a9\" data-element_type=\"widget\" data-e-type=\"widget\" data-widget_type=\"icon-list.default\">\n\t\t\t\t\t\t\t<ul class=\"elementor-icon-list-items\">\n\t\t\t\t\t\t\t<li class=\"elementor-icon-list-item\">\n\t\t\t\t\t\t\t\t\t\t\t<span class=\"elementor-icon-list-icon\">\n\t\t\t\t\t\t\t<i aria-hidden=\"true\" class=\"icon06 icon-06telephone-fill\"><\/i>\t\t\t\t\t\t<\/span>\n\t\t\t\t\t\t\t\t\t\t<span class=\"elementor-icon-list-text\">Phone: +49 521 83457<\/span>\n\t\t\t\t\t\t\t\t\t<\/li>\n\t\t\t\t\t\t\t\t<li class=\"elementor-icon-list-item\">\n\t\t\t\t\t\t\t\t\t\t\t<span class=\"elementor-icon-list-icon\">\n\t\t\t\t\t\t\t<i aria-hidden=\"true\" class=\"icon06 icon-06phone-fill\"><\/i>\t\t\t\t\t\t<\/span>\n\t\t\t\t\t\t\t\t\t\t<span class=\"elementor-icon-list-text\">Mobile: +49 151 17634317  <\/span>\n\t\t\t\t\t\t\t\t\t<\/li>\n\t\t\t\t\t\t\t\t<li class=\"elementor-icon-list-item\">\n\t\t\t\t\t\t\t\t\t\t\t<a href=\"mailto:contact@hyper-longevity.com\">\n\n\t\t\t\t\t\t\t\t\t\t\t\t<span class=\"elementor-icon-list-icon\">\n\t\t\t\t\t\t\t<i aria-hidden=\"true\" class=\"icon06 icon-06envelope-fill\"><\/i>\t\t\t\t\t\t<\/span>\n\t\t\t\t\t\t\t\t\t\t<span class=\"elementor-icon-list-text\">contact@hyper-longevity.com<\/span>\n\t\t\t\t\t\t\t\t\t\t\t<\/a>\n\t\t\t\t\t\t\t\t\t<\/li>\n\t\t\t\t\t\t<\/ul>\n\t\t\t\t\t\t<\/div>\n\t\t\t\t<\/div>\n\t\t\t\t<\/div>\n\t\t\t\t<\/div>\n\t\t<div class=\"elementor-element elementor-element-0182345 e-con-full elementor-hidden-tablet e-flex e-con e-child\" data-id=\"0182345\" data-element_type=\"container\" data-e-type=\"container\">\n\t\t\t\t<div class=\"elementor-element elementor-element-903b874 elementor-widget elementor-widget-image\" data-id=\"903b874\" data-element_type=\"widget\" data-e-type=\"widget\" data-widget_type=\"image.default\">\n\t\t\t\t\t\t\t\t\t\t\t\t\t\t\t<img fetchpriority=\"high\" decoding=\"async\" width=\"768\" height=\"384\" src=\"https:\/\/hyper-longevity.com\/wp-content\/uploads\/2025\/09\/cta04-768x384.jpg\" class=\"attachment-medium_large size-medium_large wp-image-2478\" alt=\"\" srcset=\"https:\/\/hyper-longevity.com\/wp-content\/uploads\/2025\/09\/cta04-768x384.jpg 768w, https:\/\/hyper-longevity.com\/wp-content\/uploads\/2025\/09\/cta04-300x150.jpg 300w, https:\/\/hyper-longevity.com\/wp-content\/uploads\/2025\/09\/cta04-18x9.jpg 18w, https:\/\/hyper-longevity.com\/wp-content\/uploads\/2025\/09\/cta04.jpg 1000w\" sizes=\"(max-width: 768px) 100vw, 768px\" \/>\t\t\t\t\t\t\t\t\t\t\t\t\t\t\t<\/div>\n\t\t\t\t<\/div>\n\t\t\t\t<\/div>\n\t\t\t\t\t<\/div>\n\t\t\t\t<\/div>\n\t\t\t\t<\/div>","protected":false},"excerpt":{"rendered":"<p>Diagnostik Pr\u00e4zision ist die Grundlage jeder erfolgreichen Therapie. Unsere Diagnostik geht weit \u00fcber klassische Bluttests hinaus und liefert ein vollst\u00e4ndiges Bild Ihrer biologischen Verfassung. Biomarker: Fr\u00fchwarnsignale f\u00fcr Stoffwechsel &#038; Entz\u00fcndungen Zellfunktionen: Energie, Alterungsrate und Regeneration messbar Genetik &#038; biologisches Alter: Risiken und Potenziale sichtbar machen Herz &#038; Gef\u00e4\u00dfe: Risiken erkennen, bevor Symptome entstehen Kognitive &#038; [&hellip;]<\/p>\n","protected":false},"author":2,"featured_media":0,"parent":0,"menu_order":3,"comment_status":"closed","ping_status":"closed","template":"elementor_header_footer","meta":{"_acf_changed":false,"footnotes":""},"class_list":["post-456","page","type-page","status-publish","hentry"],"acf":[],"yoast_head":"<!-- This site is optimized with the Yoast SEO plugin v27.6 - https:\/\/yoast.com\/product\/yoast-seo-wordpress\/ -->\n<title>Diagnostik - Hyper-Longevity<\/title>\n<meta name=\"robots\" content=\"index, follow, max-snippet:-1, max-image-preview:large, max-video-preview:-1\" \/>\n<link rel=\"canonical\" href=\"https:\/\/hyper-longevity.com\/en\/diagnostik\/\" \/>\n<meta property=\"og:locale\" content=\"en_GB\" \/>\n<meta property=\"og:type\" content=\"article\" \/>\n<meta property=\"og:title\" content=\"Diagnostik - Hyper-Longevity\" \/>\n<meta property=\"og:description\" content=\"Diagnostik Pr\u00e4zision ist die Grundlage jeder erfolgreichen Therapie. Unsere Diagnostik geht weit \u00fcber klassische Bluttests hinaus und liefert ein vollst\u00e4ndiges Bild Ihrer biologischen Verfassung. Biomarker: Fr\u00fchwarnsignale f\u00fcr Stoffwechsel &#038; Entz\u00fcndungen Zellfunktionen: Energie, Alterungsrate und Regeneration messbar Genetik &#038; biologisches Alter: Risiken und Potenziale sichtbar machen Herz &#038; Gef\u00e4\u00dfe: Risiken erkennen, bevor Symptome entstehen Kognitive &#038; [&hellip;]\" \/>\n<meta property=\"og:url\" content=\"https:\/\/hyper-longevity.com\/en\/diagnostik\/\" \/>\n<meta property=\"og:site_name\" content=\"Hyper-Longevity\" \/>\n<meta property=\"article:publisher\" content=\"https:\/\/www.linkedin.com\/in\/drs-frederick-and-claudia-de-brabandt-hyper-longevity-gynecology-and-urology-experts-489847121\/\" \/>\n<meta property=\"article:modified_time\" content=\"2025-09-05T07:35:10+00:00\" \/>\n<meta property=\"og:image\" content=\"https:\/\/hyper-longevity.com\/wp-content\/uploads\/elementor\/thumbs\/dna-02-rb41ctogsq1kk1rr5f9xr5br36u86ilqxbs8f8rdyo.jpg\" \/>\n<meta name=\"twitter:card\" content=\"summary_large_image\" \/>\n<meta name=\"twitter:label1\" content=\"Estimated reading time\" \/>\n\t<meta name=\"twitter:data1\" content=\"2 minutes\" \/>\n<script type=\"application\/ld+json\" class=\"yoast-schema-graph\">{\"@context\":\"https:\\\/\\\/schema.org\",\"@graph\":[{\"@type\":\"WebPage\",\"@id\":\"https:\\\/\\\/hyper-longevity.com\\\/diagnostik\\\/\",\"url\":\"https:\\\/\\\/hyper-longevity.com\\\/diagnostik\\\/\",\"name\":\"Diagnostik - Hyper-Longevity\",\"isPartOf\":{\"@id\":\"https:\\\/\\\/hyper-longevity.com\\\/#website\"},\"primaryImageOfPage\":{\"@id\":\"https:\\\/\\\/hyper-longevity.com\\\/diagnostik\\\/#primaryimage\"},\"image\":{\"@id\":\"https:\\\/\\\/hyper-longevity.com\\\/diagnostik\\\/#primaryimage\"},\"thumbnailUrl\":\"https:\\\/\\\/hyper-longevity.com\\\/wp-content\\\/uploads\\\/elementor\\\/thumbs\\\/dna-02-rb41ctogsq1kk1rr5f9xr5br36u86ilqxbs8f8rdyo.jpg\",\"datePublished\":\"2025-08-29T12:56:52+00:00\",\"dateModified\":\"2025-09-05T07:35:10+00:00\",\"breadcrumb\":{\"@id\":\"https:\\\/\\\/hyper-longevity.com\\\/diagnostik\\\/#breadcrumb\"},\"inLanguage\":\"en-GB\",\"potentialAction\":[{\"@type\":\"ReadAction\",\"target\":[\"https:\\\/\\\/hyper-longevity.com\\\/diagnostik\\\/\"]}]},{\"@type\":\"ImageObject\",\"inLanguage\":\"en-GB\",\"@id\":\"https:\\\/\\\/hyper-longevity.com\\\/diagnostik\\\/#primaryimage\",\"url\":\"https:\\\/\\\/hyper-longevity.com\\\/wp-content\\\/uploads\\\/elementor\\\/thumbs\\\/dna-02-rb41ctogsq1kk1rr5f9xr5br36u86ilqxbs8f8rdyo.jpg\",\"contentUrl\":\"https:\\\/\\\/hyper-longevity.com\\\/wp-content\\\/uploads\\\/elementor\\\/thumbs\\\/dna-02-rb41ctogsq1kk1rr5f9xr5br36u86ilqxbs8f8rdyo.jpg\"},{\"@type\":\"BreadcrumbList\",\"@id\":\"https:\\\/\\\/hyper-longevity.com\\\/diagnostik\\\/#breadcrumb\",\"itemListElement\":[{\"@type\":\"ListItem\",\"position\":1,\"name\":\"Startseite\",\"item\":\"https:\\\/\\\/hyper-longevity.com\\\/\"},{\"@type\":\"ListItem\",\"position\":2,\"name\":\"Diagnostik\"}]},{\"@type\":\"WebSite\",\"@id\":\"https:\\\/\\\/hyper-longevity.com\\\/#website\",\"url\":\"https:\\\/\\\/hyper-longevity.com\\\/\",\"name\":\"Hyper-Longevity\",\"description\":\"Zentrum fu\u0308r personalisierte Pr&auml;ventivmedizin\",\"publisher\":{\"@id\":\"https:\\\/\\\/hyper-longevity.com\\\/#organization\"},\"potentialAction\":[{\"@type\":\"SearchAction\",\"target\":{\"@type\":\"EntryPoint\",\"urlTemplate\":\"https:\\\/\\\/hyper-longevity.com\\\/?s={search_term_string}\"},\"query-input\":{\"@type\":\"PropertyValueSpecification\",\"valueRequired\":true,\"valueName\":\"search_term_string\"}}],\"inLanguage\":\"en-GB\"},{\"@type\":\"Organization\",\"@id\":\"https:\\\/\\\/hyper-longevity.com\\\/#organization\",\"name\":\"Hyper-Longevity\",\"url\":\"https:\\\/\\\/hyper-longevity.com\\\/\",\"logo\":{\"@type\":\"ImageObject\",\"inLanguage\":\"en-GB\",\"@id\":\"https:\\\/\\\/hyper-longevity.com\\\/#\\\/schema\\\/logo\\\/image\\\/\",\"url\":\"https:\\\/\\\/hyper-longevity.com\\\/wp-content\\\/uploads\\\/2025\\\/08\\\/HL-Logo-03.png\",\"contentUrl\":\"https:\\\/\\\/hyper-longevity.com\\\/wp-content\\\/uploads\\\/2025\\\/08\\\/HL-Logo-03.png\",\"width\":2500,\"height\":673,\"caption\":\"Hyper-Longevity\"},\"image\":{\"@id\":\"https:\\\/\\\/hyper-longevity.com\\\/#\\\/schema\\\/logo\\\/image\\\/\"},\"sameAs\":[\"https:\\\/\\\/www.linkedin.com\\\/in\\\/drs-frederick-and-claudia-de-brabandt-hyper-longevity-gynecology-and-urology-experts-489847121\\\/\",\"https:\\\/\\\/www.instagram.com\\\/drsdebrabandt\\\/\"]}]}<\/script>\n<!-- \/ Yoast SEO plugin. -->","yoast_head_json":{"title":"Diagnostik - Hyper-Longevity","robots":{"index":"index","follow":"follow","max-snippet":"max-snippet:-1","max-image-preview":"max-image-preview:large","max-video-preview":"max-video-preview:-1"},"canonical":"https:\/\/hyper-longevity.com\/en\/diagnostik\/","og_locale":"en_GB","og_type":"article","og_title":"Diagnostik - Hyper-Longevity","og_description":"Diagnostik Pr\u00e4zision ist die Grundlage jeder erfolgreichen Therapie. Unsere Diagnostik geht weit \u00fcber klassische Bluttests hinaus und liefert ein vollst\u00e4ndiges Bild Ihrer biologischen Verfassung. Biomarker: Fr\u00fchwarnsignale f\u00fcr Stoffwechsel &#038; Entz\u00fcndungen Zellfunktionen: Energie, Alterungsrate und Regeneration messbar Genetik &#038; biologisches Alter: Risiken und Potenziale sichtbar machen Herz &#038; Gef\u00e4\u00dfe: Risiken erkennen, bevor Symptome entstehen Kognitive &#038; [&hellip;]","og_url":"https:\/\/hyper-longevity.com\/en\/diagnostik\/","og_site_name":"Hyper-Longevity","article_publisher":"https:\/\/www.linkedin.com\/in\/drs-frederick-and-claudia-de-brabandt-hyper-longevity-gynecology-and-urology-experts-489847121\/","article_modified_time":"2025-09-05T07:35:10+00:00","og_image":[{"url":"https:\/\/hyper-longevity.com\/wp-content\/uploads\/elementor\/thumbs\/dna-02-rb41ctogsq1kk1rr5f9xr5br36u86ilqxbs8f8rdyo.jpg","type":"","width":"","height":""}],"twitter_card":"summary_large_image","twitter_misc":{"Estimated reading time":"2 minutes"},"schema":{"@context":"https:\/\/schema.org","@graph":[{"@type":"WebPage","@id":"https:\/\/hyper-longevity.com\/diagnostik\/","url":"https:\/\/hyper-longevity.com\/diagnostik\/","name":"Diagnostik - Hyper-Longevity","isPartOf":{"@id":"https:\/\/hyper-longevity.com\/#website"},"primaryImageOfPage":{"@id":"https:\/\/hyper-longevity.com\/diagnostik\/#primaryimage"},"image":{"@id":"https:\/\/hyper-longevity.com\/diagnostik\/#primaryimage"},"thumbnailUrl":"https:\/\/hyper-longevity.com\/wp-content\/uploads\/elementor\/thumbs\/dna-02-rb41ctogsq1kk1rr5f9xr5br36u86ilqxbs8f8rdyo.jpg","datePublished":"2025-08-29T12:56:52+00:00","dateModified":"2025-09-05T07:35:10+00:00","breadcrumb":{"@id":"https:\/\/hyper-longevity.com\/diagnostik\/#breadcrumb"},"inLanguage":"en-GB","potentialAction":[{"@type":"ReadAction","target":["https:\/\/hyper-longevity.com\/diagnostik\/"]}]},{"@type":"ImageObject","inLanguage":"en-GB","@id":"https:\/\/hyper-longevity.com\/diagnostik\/#primaryimage","url":"https:\/\/hyper-longevity.com\/wp-content\/uploads\/elementor\/thumbs\/dna-02-rb41ctogsq1kk1rr5f9xr5br36u86ilqxbs8f8rdyo.jpg","contentUrl":"https:\/\/hyper-longevity.com\/wp-content\/uploads\/elementor\/thumbs\/dna-02-rb41ctogsq1kk1rr5f9xr5br36u86ilqxbs8f8rdyo.jpg"},{"@type":"BreadcrumbList","@id":"https:\/\/hyper-longevity.com\/diagnostik\/#breadcrumb","itemListElement":[{"@type":"ListItem","position":1,"name":"Startseite","item":"https:\/\/hyper-longevity.com\/"},{"@type":"ListItem","position":2,"name":"Diagnostik"}]},{"@type":"WebSite","@id":"https:\/\/hyper-longevity.com\/#website","url":"https:\/\/hyper-longevity.com\/","name":"Hyper-Longevity","description":"Zentrum fu\u0308r personalisierte Pr&auml;ventivmedizin","publisher":{"@id":"https:\/\/hyper-longevity.com\/#organization"},"potentialAction":[{"@type":"SearchAction","target":{"@type":"EntryPoint","urlTemplate":"https:\/\/hyper-longevity.com\/?s={search_term_string}"},"query-input":{"@type":"PropertyValueSpecification","valueRequired":true,"valueName":"search_term_string"}}],"inLanguage":"en-GB"},{"@type":"Organization","@id":"https:\/\/hyper-longevity.com\/#organization","name":"Hyper-Longevity","url":"https:\/\/hyper-longevity.com\/","logo":{"@type":"ImageObject","inLanguage":"en-GB","@id":"https:\/\/hyper-longevity.com\/#\/schema\/logo\/image\/","url":"https:\/\/hyper-longevity.com\/wp-content\/uploads\/2025\/08\/HL-Logo-03.png","contentUrl":"https:\/\/hyper-longevity.com\/wp-content\/uploads\/2025\/08\/HL-Logo-03.png","width":2500,"height":673,"caption":"Hyper-Longevity"},"image":{"@id":"https:\/\/hyper-longevity.com\/#\/schema\/logo\/image\/"},"sameAs":["https:\/\/www.linkedin.com\/in\/drs-frederick-and-claudia-de-brabandt-hyper-longevity-gynecology-and-urology-experts-489847121\/","https:\/\/www.instagram.com\/drsdebrabandt\/"]}]}},"_links":{"self":[{"href":"https:\/\/hyper-longevity.com\/en\/wp-json\/wp\/v2\/pages\/456","targetHints":{"allow":["GET"]}}],"collection":[{"href":"https:\/\/hyper-longevity.com\/en\/wp-json\/wp\/v2\/pages"}],"about":[{"href":"https:\/\/hyper-longevity.com\/en\/wp-json\/wp\/v2\/types\/page"}],"author":[{"embeddable":true,"href":"https:\/\/hyper-longevity.com\/en\/wp-json\/wp\/v2\/users\/2"}],"replies":[{"embeddable":true,"href":"https:\/\/hyper-longevity.com\/en\/wp-json\/wp\/v2\/comments?post=456"}],"version-history":[{"count":106,"href":"https:\/\/hyper-longevity.com\/en\/wp-json\/wp\/v2\/pages\/456\/revisions"}],"predecessor-version":[{"id":2522,"href":"https:\/\/hyper-longevity.com\/en\/wp-json\/wp\/v2\/pages\/456\/revisions\/2522"}],"wp:attachment":[{"href":"https:\/\/hyper-longevity.com\/en\/wp-json\/wp\/v2\/media?parent=456"}],"curies":[{"name":"wp","href":"https:\/\/api.w.org\/{rel}","templated":true}]}}